{"id":3007,"date":"2019-11-27T09:51:17","date_gmt":"2019-11-27T09:51:17","guid":{"rendered":"https:\/\/momaa.es\/noticias\/"},"modified":"2020-09-03T09:58:09","modified_gmt":"2020-09-03T09:58:09","slug":"news","status":"publish","type":"page","link":"https:\/\/momaa.es\/en\/news\/","title":{"rendered":"News"},"content":{"rendered":"\t\t<div data-elementor-type=\"wp-page\" data-elementor-id=\"3007\" class=\"elementor elementor-3007 elementor-1610\" data-elementor-settings=\"[]\">\n\t\t\t\t\t\t<div class=\"elementor-inner\">\n\t\t\t\t\t\t\t<div class=\"elementor-section-wrap\">\n\t\t\t\t\t\t\t<section class=\"elementor-section elementor-top-section elementor-element elementor-element-b110318 elementor-section-boxed elementor-section-height-default elementor-section-height-default\" data-id=\"b110318\" data-element_type=\"section\">\n\t\t\t\t\t\t<div class=\"elementor-container elementor-column-gap-default\">\n\t\t\t\t\t\t\t<div class=\"elementor-row\">\n\t\t\t\t\t<div class=\"elementor-column elementor-col-100 elementor-top-column elementor-element elementor-element-fffa197\" data-id=\"fffa197\" data-element_type=\"column\">\n\t\t\t<div class=\"elementor-column-wrap elementor-element-populated\">\n\t\t\t\t\t\t\t<div class=\"elementor-widget-wrap\">\n\t\t\t\t\t\t<div class=\"elementor-element elementor-element-e3d20c5 elementor-widget elementor-widget-text-editor\" data-id=\"e3d20c5\" data-element_type=\"widget\" data-widget_type=\"text-editor.default\">\n\t\t\t\t<div class=\"elementor-widget-container\">\n\t\t\t\t\t\t\t\t<div class=\"elementor-text-editor elementor-clearfix\">\n\t\t\t\t<h1 style=\"text-align: center;\">Architecture, urban planning and design news<\/h1>\t\t\t\t\t<\/div>\n\t\t\t\t\t\t<\/div>\n\t\t\t\t<\/div>\n\t\t\t\t\t\t<\/div>\n\t\t\t\t\t<\/div>\n\t\t<\/div>\n\t\t\t\t\t\t\t\t<\/div>\n\t\t\t\t\t<\/div>\n\t\t<\/section>\n\t\t\t\t<section class=\"elementor-section elementor-top-section elementor-element elementor-element-d77bf53 elementor-section-boxed elementor-section-height-default elementor-section-height-default\" data-id=\"d77bf53\" data-element_type=\"section\">\n\t\t\t\t\t\t<div class=\"elementor-container elementor-column-gap-default\">\n\t\t\t\t\t\t\t<div class=\"elementor-row\">\n\t\t\t\t\t<div class=\"elementor-column elementor-col-100 elementor-top-column elementor-element elementor-element-db7db7e\" data-id=\"db7db7e\" data-element_type=\"column\">\n\t\t\t<div class=\"elementor-column-wrap elementor-element-populated\">\n\t\t\t\t\t\t\t<div class=\"elementor-widget-wrap\">\n\t\t\t\t\t\t<div class=\"elementor-element elementor-element-d82d51a elementor-grid-eael-col-1 animated-slow elementor-widget-tablet__width-initial elementor-grid-tablet-eael-col-2 elementor-grid-mobile-eael-col-1 elementor-invisible elementor-widget elementor-widget-eael-post-grid\" data-id=\"d82d51a\" data-element_type=\"widget\" data-settings=\"{&quot;eael_post_grid_columns&quot;:&quot;eael-col-1&quot;,&quot;_animation&quot;:&quot;fadeIn&quot;,&quot;eael_post_grid_columns_tablet&quot;:&quot;eael-col-2&quot;,&quot;eael_post_grid_columns_mobile&quot;:&quot;eael-col-1&quot;}\" data-widget_type=\"eael-post-grid.default\">\n\t\t\t\t<div class=\"elementor-widget-container\">\n\t\t\t<div id=\"eael-post-grid-d82d51a\" class=\"eael-post-grid-container\">\n            <div class=\"eael-post-grid eael-post-appender eael-post-appender-d82d51a eael-post-grid-style-default\" data-layout-mode=\"masonry\"><article class=\"eael-grid-post eael-post-grid-column\" data-id=\"4538\">\n        <div class=\"eael-grid-post-holder\">\n            <div class=\"eael-grid-post-holder-inner\"><div class=\"eael-entry-media\"><div class=\"eael-entry-overlay none\"><i class=\"fas fa-long-arrow-alt-right\" aria-hidden=\"true\"><\/i><a href=\"https:\/\/momaa.es\/en\/rehabilitacion-edfificio-consistorial-exmo-ayuntamiento-de-marbella\/\"><\/a><\/div><div class=\"eael-entry-thumbnail\">\n                <img width=\"1200\" height=\"676\" src=\"https:\/\/momaa.es\/wp-content\/uploads\/2025\/03\/Marbella_Consistorio_Ayuntamiento_rehabilitacion.jpg\" class=\"attachment-full size-full\" alt=\"\" srcset=\"https:\/\/momaa.es\/wp-content\/uploads\/2025\/03\/Marbella_Consistorio_Ayuntamiento_rehabilitacion.jpg 1200w, https:\/\/momaa.es\/wp-content\/uploads\/2025\/03\/Marbella_Consistorio_Ayuntamiento_rehabilitacion-300x169.jpg 300w, https:\/\/momaa.es\/wp-content\/uploads\/2025\/03\/Marbella_Consistorio_Ayuntamiento_rehabilitacion-1024x577.jpg 1024w, https:\/\/momaa.es\/wp-content\/uploads\/2025\/03\/Marbella_Consistorio_Ayuntamiento_rehabilitacion-768x433.jpg 768w, https:\/\/momaa.es\/wp-content\/uploads\/2025\/03\/Marbella_Consistorio_Ayuntamiento_rehabilitacion-500x282.jpg 500w\" sizes=\"(max-width: 1200px) 100vw, 1200px\" \/>\n            <\/div>\n        <\/div><div class=\"eael-entry-wrapper\"><header class=\"eael-entry-header\"><h2 class=\"eael-entry-title\"><a\n                        class=\"eael-grid-post-link\"\n                        href=\"https:\/\/momaa.es\/en\/rehabilitacion-edfificio-consistorial-exmo-ayuntamiento-de-marbella\/\"\n                        title=\"REHABILITACION EDIFICIO CONSISTORIAL EXMO. AYUNTAMIENTO DE MARBELLA\">REHABILITACION EDIFICIO CONSISTORIAL EXMO. AYUNTAMIENTO DE MARBELLA<\/a><\/h2><\/header><div class=\"eael-entry-content\">\n                        <div class=\"eael-grid-post-excerpt\"><p>Andr\u00e9s M. Mateo Fern\u00e1ndez.&nbsp;Arquitecto Rodrigo Gonz\u00e1lez. Arquitecto MoMaA Marbella I Arquitectura I Urbanismo I Dise\u00f1o A\u00f1o 2026 Estamos profundamente orgullosos de anunciar que las obras de reforma integral del Ayuntamiento de Marbella ya son una realidad. Como arquitectos de este proyecto, asumir el reto de intervenir en un edificio tan...<\/p><\/div>\n                    <\/div><\/div><\/div>\n        <\/div>\n    <\/article><article class=\"eael-grid-post eael-post-grid-column\" data-id=\"4509\">\n        <div class=\"eael-grid-post-holder\">\n            <div class=\"eael-grid-post-holder-inner\"><div class=\"eael-entry-media\"><div class=\"eael-entry-overlay none\"><i class=\"fas fa-long-arrow-alt-right\" aria-hidden=\"true\"><\/i><a href=\"https:\/\/momaa.es\/en\/68-viviendas-en-estepona\/\"><\/a><\/div><div class=\"eael-entry-thumbnail\">\n                <img width=\"1536\" height=\"864\" src=\"https:\/\/momaa.es\/wp-content\/uploads\/2026\/02\/AECA_68-VIVIENDAS_ARANA_ESTEPONA-7.jpg\" class=\"attachment-full size-full\" alt=\"\" srcset=\"https:\/\/momaa.es\/wp-content\/uploads\/2026\/02\/AECA_68-VIVIENDAS_ARANA_ESTEPONA-7.jpg 1536w, https:\/\/momaa.es\/wp-content\/uploads\/2026\/02\/AECA_68-VIVIENDAS_ARANA_ESTEPONA-7-300x169.jpg 300w, https:\/\/momaa.es\/wp-content\/uploads\/2026\/02\/AECA_68-VIVIENDAS_ARANA_ESTEPONA-7-1024x576.jpg 1024w, https:\/\/momaa.es\/wp-content\/uploads\/2026\/02\/AECA_68-VIVIENDAS_ARANA_ESTEPONA-7-768x432.jpg 768w, https:\/\/momaa.es\/wp-content\/uploads\/2026\/02\/AECA_68-VIVIENDAS_ARANA_ESTEPONA-7-500x281.jpg 500w\" sizes=\"(max-width: 1536px) 100vw, 1536px\" \/>\n            <\/div>\n        <\/div><div class=\"eael-entry-wrapper\"><header class=\"eael-entry-header\"><h2 class=\"eael-entry-title\"><a\n                        class=\"eael-grid-post-link\"\n                        href=\"https:\/\/momaa.es\/en\/68-viviendas-en-estepona\/\"\n                        title=\"68 VIVIENDAS &#8220;LAS JOYAS&#8221; ESTEPONA\">68 VIVIENDAS &#8220;LAS JOYAS&#8221; ESTEPONA<\/a><\/h2><\/header><div class=\"eael-entry-content\">\n                        <div class=\"eael-grid-post-excerpt\"><p>68 VIVIENDAS &#8220;LAS JOYAS&#8221; ESTEPONA \u00a0 Manolo Herrera Mendoza. Arquitecto D.O.Andr\u00e9s M. Mateo Fern\u00e1ndez. Arquitecto D.O.A\u00f1o 2020-2022 Aranya Estepona es un proyecto residencial plurifamiliar de dise\u00f1o contempor\u00e1neo, proyectado bajo una premisa de integraci\u00f3n paisaj\u00edstica y optimizaci\u00f3n funcional. Ubicado en una zona estrat\u00e9gica de Estepona (M\u00e1laga), concretamente en la zona de...<\/p><\/div>\n                    <\/div><\/div><\/div>\n        <\/div>\n    <\/article><article class=\"eael-grid-post eael-post-grid-column\" data-id=\"4498\">\n        <div class=\"eael-grid-post-holder\">\n            <div class=\"eael-grid-post-holder-inner\"><div class=\"eael-entry-media\"><div class=\"eael-entry-overlay none\"><i class=\"fas fa-long-arrow-alt-right\" aria-hidden=\"true\"><\/i><a href=\"https:\/\/momaa.es\/en\/reforma-del-centro-de-tecnificacion-de-gimnasia-ritmica-en-marbella-2\/\"><\/a><\/div><div class=\"eael-entry-thumbnail\">\n                <img width=\"2560\" height=\"1440\" src=\"https:\/\/momaa.es\/wp-content\/uploads\/2026\/02\/MoMaA_pabellones_el_calvario_marbella-scaled.jpg\" class=\"attachment-full size-full\" alt=\"\" srcset=\"https:\/\/momaa.es\/wp-content\/uploads\/2026\/02\/MoMaA_pabellones_el_calvario_marbella-scaled.jpg 2560w, https:\/\/momaa.es\/wp-content\/uploads\/2026\/02\/MoMaA_pabellones_el_calvario_marbella-300x169.jpg 300w, https:\/\/momaa.es\/wp-content\/uploads\/2026\/02\/MoMaA_pabellones_el_calvario_marbella-1024x576.jpg 1024w, https:\/\/momaa.es\/wp-content\/uploads\/2026\/02\/MoMaA_pabellones_el_calvario_marbella-768x432.jpg 768w, https:\/\/momaa.es\/wp-content\/uploads\/2026\/02\/MoMaA_pabellones_el_calvario_marbella-1536x864.jpg 1536w, https:\/\/momaa.es\/wp-content\/uploads\/2026\/02\/MoMaA_pabellones_el_calvario_marbella-2048x1152.jpg 2048w, https:\/\/momaa.es\/wp-content\/uploads\/2026\/02\/MoMaA_pabellones_el_calvario_marbella-500x281.jpg 500w\" sizes=\"(max-width: 2560px) 100vw, 2560px\" \/>\n            <\/div>\n        <\/div><div class=\"eael-entry-wrapper\"><header class=\"eael-entry-header\"><h2 class=\"eael-entry-title\"><a\n                        class=\"eael-grid-post-link\"\n                        href=\"https:\/\/momaa.es\/en\/reforma-del-centro-de-tecnificacion-de-gimnasia-ritmica-en-marbella-2\/\"\n                        title=\"Comienza la construcci\u00f3n de un nuevo centro de usos m\u00faltiples junto a la Ermita del Calvario\">Comienza la construcci\u00f3n de un nuevo centro de usos m\u00faltiples junto a la Ermita del Calvario<\/a><\/h2><\/header><div class=\"eael-entry-content\">\n                        <div class=\"eael-grid-post-excerpt\"><p>Andr\u00e9s M. Mateo Fern\u00e1ndez. Arquitecto MoMaa Marbella I Arquitectura I Urbanismo I Dise\u00f1o A\u00f1o 2026 Desde el equipo de MoMaA, queremos expresar nuestro m\u00e1s sincero agradecimiento al Ayuntamiento por la confianza depositada en nuestro estudio para proyectar el nuevo centro de usos m\u00faltiples. Nos hace especial ilusi\u00f3n ver c\u00f3mo arranca...<\/p><\/div>\n                    <\/div><\/div><\/div>\n        <\/div>\n    <\/article><article class=\"eael-grid-post eael-post-grid-column\" data-id=\"4440\">\n        <div class=\"eael-grid-post-holder\">\n            <div class=\"eael-grid-post-holder-inner\"><div class=\"eael-entry-media\"><div class=\"eael-entry-overlay none\"><i class=\"fas fa-long-arrow-alt-right\" aria-hidden=\"true\"><\/i><a href=\"https:\/\/momaa.es\/en\/edificio-programatico-the-deck-benahavis\/\"><\/a><\/div><div class=\"eael-entry-thumbnail\">\n                <img width=\"1200\" height=\"1600\" src=\"https:\/\/momaa.es\/wp-content\/uploads\/2025\/12\/Co-working-the-deck-benahavis-5.jpeg\" class=\"attachment-full size-full\" alt=\"\" srcset=\"https:\/\/momaa.es\/wp-content\/uploads\/2025\/12\/Co-working-the-deck-benahavis-5.jpeg 1200w, https:\/\/momaa.es\/wp-content\/uploads\/2025\/12\/Co-working-the-deck-benahavis-5-225x300.jpeg 225w, https:\/\/momaa.es\/wp-content\/uploads\/2025\/12\/Co-working-the-deck-benahavis-5-768x1024.jpeg 768w, https:\/\/momaa.es\/wp-content\/uploads\/2025\/12\/Co-working-the-deck-benahavis-5-1152x1536.jpeg 1152w, https:\/\/momaa.es\/wp-content\/uploads\/2025\/12\/Co-working-the-deck-benahavis-5-500x667.jpeg 500w\" sizes=\"(max-width: 1200px) 100vw, 1200px\" \/>\n            <\/div>\n        <\/div><div class=\"eael-entry-wrapper\"><header class=\"eael-entry-header\"><h2 class=\"eael-entry-title\"><a\n                        class=\"eael-grid-post-link\"\n                        href=\"https:\/\/momaa.es\/en\/edificio-programatico-the-deck-benahavis\/\"\n                        title=\"Edificio Program\u00e1tico &#8220;THE DECK&#8221;, Benahav\u00eds\">Edificio Program\u00e1tico &#8220;THE DECK&#8221;, Benahav\u00eds<\/a><\/h2><\/header><div class=\"eael-entry-content\">\n                        <div class=\"eael-grid-post-excerpt\"><p>EDIFICIO RESTAURACI\u00d3N Y OFICINAS COWORKING&nbsp; Andr\u00e9s M. Mateo Fern\u00e1ndez. Arquitecto MoMaa Marbella I Arquitectura I Urbanismo I Dise\u00f1o A\u00f1o 2025 Ubicado&nbsp;en la urbanizaci\u00f3n Los Aguilares de Benahav\u00eds, este edificio reci\u00e9n terminado adopta una arquitectura program\u00e1tica y estratificada propuesta&nbsp;espec\u00edficamente para responder al entorno y al uso del edificio. La planta baja...<\/p><\/div>\n                    <\/div><\/div><\/div>\n        <\/div>\n    <\/article><\/div>\n            <div class=\"clearfix\"><\/div>\n        <\/div>            <div class=\"eael-load-more-button-wrap\">\n                <button class=\"eael-load-more-button\" id=\"eael-load-more-btn-d82d51a\" data-widget-id=\"d82d51a\" data-widget=\"d82d51a\" data-page-id=\"3007\" data-nonce=\"af9ee725f2\" data-template=\"{&quot;dir&quot;:&quot;lite&quot;,&quot;file_name&quot;:&quot;default.php&quot;,&quot;name&quot;:&quot;Post-Grid&quot;}\" data-class=\"Essential_Addons_Elementor\\Elements\\Post_Grid\" data-layout=\"masonry\" data-page=\"1\" data-args=\"orderby=date&amp;order=desc&amp;ignore_sticky_posts=1&amp;post_status=publish&amp;posts_per_page=4&amp;offset=0&amp;post_type=post\" data-max-page=\"22\">\n                    <div class=\"eael-btn-loader button__loader\"><\/div>\n                    <span>Ver m\u00e1s<\/span>\n                <\/button>\n            <\/div>\n        \t\t<\/div>\n\t\t\t\t<\/div>\n\t\t\t\t\t\t<\/div>\n\t\t\t\t\t<\/div>\n\t\t<\/div>\n\t\t\t\t\t\t\t\t<\/div>\n\t\t\t\t\t<\/div>\n\t\t<\/section>\n\t\t\t\t\t\t<\/div>\n\t\t\t\t\t\t<\/div>\n\t\t\t\t\t<\/div>\n\t\t ","protected":false},"excerpt":{"rendered":"<p>Architecture, urban planning and design news 27 DE AGOSTO DE 2020. EXPOSICI\u00d3N PINTURA \u00abCOLECCI\u00d3N AT\u00d3MICO\u00bb Vivimos en un tiempo demasiado tecnol\u00f3gico y es por ello, que el arte m\u00e1s que nunca debe estar presente en nuestras vidas y hacernos reflexionar. Por este motivo, tengo el placer de exponer en nuestra oficina de arquitectura en Marbella, &#8230; <a title=\"Edificio Program\u00e1tico &#8220;THE DECK&#8221;, Benahav\u00eds\" class=\"read-more\" href=\"https:\/\/momaa.es\/en\/edificio-programatico-the-deck-benahavis\/\" aria-label=\"More on Edificio Program\u00e1tico &#8220;THE DECK&#8221;, Benahav\u00eds\">Read more<\/a><\/p>\n","protected":false},"author":1,"featured_media":0,"parent":0,"menu_order":0,"comment_status":"closed","ping_status":"closed","template":"","meta":[],"yoast_head":"<!-- This site is optimized with the Yoast SEO plugin v17.4 - https:\/\/yoast.com\/wordpress\/plugins\/seo\/ -->\n<title>News Architecture | MoMaA Marbella Architects<\/title>\n<meta name=\"description\" content=\"Descubre las \u00faltimas noticias sobre arquitectura, urbanismo y dise\u00f1o de la mano de MoMaA Marbella, tu estudio de arquitectos.\" \/>\n<meta name=\"robots\" content=\"index, follow, max-snippet:-1, max-image-preview:large, max-video-preview:-1\" \/>\n<link rel=\"canonical\" href=\"https:\/\/momaa.es\/en\/news\/\" \/>\n<meta property=\"og:locale\" content=\"en_US\" \/>\n<meta property=\"og:type\" content=\"article\" \/>\n<meta property=\"og:title\" content=\"News Architecture | MoMaA Marbella Architects\" \/>\n<meta property=\"og:description\" content=\"Descubre las \u00faltimas noticias sobre arquitectura, urbanismo y dise\u00f1o de la mano de MoMaA Marbella, tu estudio de arquitectos.\" \/>\n<meta property=\"og:url\" content=\"https:\/\/momaa.es\/en\/news\/\" \/>\n<meta property=\"og:site_name\" content=\"Moreno Mateo Architects\" \/>\n<meta property=\"article:modified_time\" content=\"2020-09-03T09:58:09+00:00\" \/>\n<meta property=\"og:image\" content=\"https:\/\/momaa.es\/wp-content\/uploads\/2020\/08\/WhatsApp-Image-2020-08-24-at-20.31.51.jpeg\" \/>\n<meta name=\"twitter:card\" content=\"summary_large_image\" \/>\n<meta name=\"twitter:label1\" content=\"Est. reading time\" \/>\n\t<meta name=\"twitter:data1\" content=\"1 minute\" \/>\n<script type=\"application\/ld+json\" class=\"yoast-schema-graph\">{\"@context\":\"https:\/\/schema.org\",\"@graph\":[{\"@type\":\"WebSite\",\"@id\":\"https:\/\/momaa.es\/#website\",\"url\":\"https:\/\/momaa.es\/\",\"name\":\"Moreno Mateo Architects\",\"description\":\"Arquitectura | Urbanismo | Dise\\u00f1o\",\"potentialAction\":[{\"@type\":\"SearchAction\",\"target\":{\"@type\":\"EntryPoint\",\"urlTemplate\":\"https:\/\/momaa.es\/?s={search_term_string}\"},\"query-input\":\"required name=search_term_string\"}],\"inLanguage\":\"en-US\"},{\"@type\":\"ImageObject\",\"@id\":\"https:\/\/momaa.es\/en\/news\/#primaryimage\",\"inLanguage\":\"en-US\",\"url\":\"https:\/\/momaa.es\/wp-content\/uploads\/2020\/08\/WhatsApp-Image-2020-08-24-at-20.31.51.jpeg\",\"contentUrl\":\"https:\/\/momaa.es\/wp-content\/uploads\/2020\/08\/WhatsApp-Image-2020-08-24-at-20.31.51.jpeg\",\"width\":1080,\"height\":1080,\"caption\":\"EXPOSICI\\u00d3N PINTURA \\\"COLECCI\\u00d3N AT\\u00d3MICO\\\"\"},{\"@type\":\"WebPage\",\"@id\":\"https:\/\/momaa.es\/en\/news\/#webpage\",\"url\":\"https:\/\/momaa.es\/en\/news\/\",\"name\":\"News Architecture | MoMaA Marbella Architects\",\"isPartOf\":{\"@id\":\"https:\/\/momaa.es\/#website\"},\"primaryImageOfPage\":{\"@id\":\"https:\/\/momaa.es\/en\/news\/#primaryimage\"},\"datePublished\":\"2019-11-27T09:51:17+00:00\",\"dateModified\":\"2020-09-03T09:58:09+00:00\",\"description\":\"Descubre las \\u00faltimas noticias sobre arquitectura, urbanismo y dise\\u00f1o de la mano de MoMaA Marbella, tu estudio de arquitectos.\",\"breadcrumb\":{\"@id\":\"https:\/\/momaa.es\/en\/news\/#breadcrumb\"},\"inLanguage\":\"en-US\",\"potentialAction\":[{\"@type\":\"ReadAction\",\"target\":[\"https:\/\/momaa.es\/en\/news\/\"]}]},{\"@type\":\"BreadcrumbList\",\"@id\":\"https:\/\/momaa.es\/en\/news\/#breadcrumb\",\"itemListElement\":[{\"@type\":\"ListItem\",\"position\":1,\"name\":\"Portada\",\"item\":\"https:\/\/momaa.es\/en\/\"},{\"@type\":\"ListItem\",\"position\":2,\"name\":\"News\"}]}]}<\/script>\n<!-- \/ Yoast SEO plugin. -->","yoast_head_json":{"title":"News Architecture | MoMaA Marbella Architects","description":"Descubre las \u00faltimas noticias sobre arquitectura, urbanismo y dise\u00f1o de la mano de MoMaA Marbella, tu estudio de arquitectos.","robots":{"index":"index","follow":"follow","max-snippet":"max-snippet:-1","max-image-preview":"max-image-preview:large","max-video-preview":"max-video-preview:-1"},"canonical":"https:\/\/momaa.es\/en\/news\/","og_locale":"en_US","og_type":"article","og_title":"News Architecture | MoMaA Marbella Architects","og_description":"Descubre las \u00faltimas noticias sobre arquitectura, urbanismo y dise\u00f1o de la mano de MoMaA Marbella, tu estudio de arquitectos.","og_url":"https:\/\/momaa.es\/en\/news\/","og_site_name":"Moreno Mateo Architects","article_modified_time":"2020-09-03T09:58:09+00:00","og_image":[{"url":"https:\/\/momaa.es\/wp-content\/uploads\/2020\/08\/WhatsApp-Image-2020-08-24-at-20.31.51.jpeg"}],"twitter_card":"summary_large_image","twitter_misc":{"Est. reading time":"1 minute"},"schema":{"@context":"https:\/\/schema.org","@graph":[{"@type":"WebSite","@id":"https:\/\/momaa.es\/#website","url":"https:\/\/momaa.es\/","name":"Moreno Mateo Architects","description":"Arquitectura | Urbanismo | Dise\u00f1o","potentialAction":[{"@type":"SearchAction","target":{"@type":"EntryPoint","urlTemplate":"https:\/\/momaa.es\/?s={search_term_string}"},"query-input":"required name=search_term_string"}],"inLanguage":"en-US"},{"@type":"ImageObject","@id":"https:\/\/momaa.es\/en\/news\/#primaryimage","inLanguage":"en-US","url":"https:\/\/momaa.es\/wp-content\/uploads\/2020\/08\/WhatsApp-Image-2020-08-24-at-20.31.51.jpeg","contentUrl":"https:\/\/momaa.es\/wp-content\/uploads\/2020\/08\/WhatsApp-Image-2020-08-24-at-20.31.51.jpeg","width":1080,"height":1080,"caption":"EXPOSICI\u00d3N PINTURA \"COLECCI\u00d3N AT\u00d3MICO\""},{"@type":"WebPage","@id":"https:\/\/momaa.es\/en\/news\/#webpage","url":"https:\/\/momaa.es\/en\/news\/","name":"News Architecture | MoMaA Marbella Architects","isPartOf":{"@id":"https:\/\/momaa.es\/#website"},"primaryImageOfPage":{"@id":"https:\/\/momaa.es\/en\/news\/#primaryimage"},"datePublished":"2019-11-27T09:51:17+00:00","dateModified":"2020-09-03T09:58:09+00:00","description":"Descubre las \u00faltimas noticias sobre arquitectura, urbanismo y dise\u00f1o de la mano de MoMaA Marbella, tu estudio de arquitectos.","breadcrumb":{"@id":"https:\/\/momaa.es\/en\/news\/#breadcrumb"},"inLanguage":"en-US","potentialAction":[{"@type":"ReadAction","target":["https:\/\/momaa.es\/en\/news\/"]}]},{"@type":"BreadcrumbList","@id":"https:\/\/momaa.es\/en\/news\/#breadcrumb","itemListElement":[{"@type":"ListItem","position":1,"name":"Portada","item":"https:\/\/momaa.es\/en\/"},{"@type":"ListItem","position":2,"name":"News"}]}]}},"_links":{"self":[{"href":"https:\/\/momaa.es\/en\/wp-json\/wp\/v2\/pages\/3007"}],"collection":[{"href":"https:\/\/momaa.es\/en\/wp-json\/wp\/v2\/pages"}],"about":[{"href":"https:\/\/momaa.es\/en\/wp-json\/wp\/v2\/types\/page"}],"author":[{"embeddable":true,"href":"https:\/\/momaa.es\/en\/wp-json\/wp\/v2\/users\/1"}],"replies":[{"embeddable":true,"href":"https:\/\/momaa.es\/en\/wp-json\/wp\/v2\/comments?post=3007"}],"version-history":[{"count":5,"href":"https:\/\/momaa.es\/en\/wp-json\/wp\/v2\/pages\/3007\/revisions"}],"predecessor-version":[{"id":3017,"href":"https:\/\/momaa.es\/en\/wp-json\/wp\/v2\/pages\/3007\/revisions\/3017"}],"wp:attachment":[{"href":"https:\/\/momaa.es\/en\/wp-json\/wp\/v2\/media?parent=3007"}],"curies":[{"name":"wp","href":"https:\/\/api.w.org\/{rel}","templated":true}]}}