{"id":176,"date":"2014-02-17T10:41:22","date_gmt":"2014-02-17T10:41:22","guid":{"rendered":"https:\/\/momaa.es\/?page_id=176"},"modified":"2020-09-02T07:49:16","modified_gmt":"2020-09-02T07:49:16","slug":"about-us","status":"publish","type":"page","link":"https:\/\/momaa.es\/en\/about-us\/","title":{"rendered":"About us"},"content":{"rendered":"\t\t<div data-elementor-type=\"wp-page\" data-elementor-id=\"176\" class=\"elementor elementor-176 elementor-2\" data-elementor-settings=\"[]\">\n\t\t\t\t\t\t<div class=\"elementor-inner\">\n\t\t\t\t\t\t\t<div class=\"elementor-section-wrap\">\n\t\t\t\t\t\t\t<section class=\"elementor-section elementor-top-section elementor-element elementor-element-165c7776 elementor-section-boxed elementor-section-height-default elementor-section-height-default\" data-id=\"165c7776\" data-element_type=\"section\">\n\t\t\t\t\t\t<div class=\"elementor-container elementor-column-gap-default\">\n\t\t\t\t\t\t\t<div class=\"elementor-row\">\n\t\t\t\t\t<div class=\"elementor-column elementor-col-100 elementor-top-column elementor-element elementor-element-639532b9\" data-id=\"639532b9\" data-element_type=\"column\">\n\t\t\t<div class=\"elementor-column-wrap elementor-element-populated\">\n\t\t\t\t\t\t\t<div class=\"elementor-widget-wrap\">\n\t\t\t\t\t\t<div class=\"elementor-element elementor-element-e41a9a0 elementor-widget elementor-widget-text-editor\" data-id=\"e41a9a0\" data-element_type=\"widget\" data-widget_type=\"text-editor.default\">\n\t\t\t\t<div class=\"elementor-widget-container\">\n\t\t\t\t\t\t\t\t<div class=\"elementor-text-editor elementor-clearfix\">\n\t\t\t\t<h1 style=\"text-align: center;\">Meet MoMaA | Architecture studio<\/h1>\t\t\t\t\t<\/div>\n\t\t\t\t\t\t<\/div>\n\t\t\t\t<\/div>\n\t\t\t\t<div class=\"elementor-element elementor-element-995cb74 elementor-widget elementor-widget-image\" data-id=\"995cb74\" data-element_type=\"widget\" data-widget_type=\"image.default\">\n\t\t\t\t<div class=\"elementor-widget-container\">\n\t\t\t\t\t\t\t\t<div class=\"elementor-image\">\n\t\t\t\t\t\t\t\t\t\t\t\t<img width=\"800\" height=\"450\" src=\"https:\/\/momaa.es\/wp-content\/uploads\/2019\/11\/momaa-sobre-nosotros-1.jpg\" class=\"attachment-full size-full\" alt=\"MoMaA Dise\u00f1o y Arquitectura - Sobre Nosotros\" srcset=\"https:\/\/momaa.es\/wp-content\/uploads\/2019\/11\/momaa-sobre-nosotros-1.jpg 800w, https:\/\/momaa.es\/wp-content\/uploads\/2019\/11\/momaa-sobre-nosotros-1-300x169.jpg 300w, https:\/\/momaa.es\/wp-content\/uploads\/2019\/11\/momaa-sobre-nosotros-1-768x432.jpg 768w, https:\/\/momaa.es\/wp-content\/uploads\/2019\/11\/momaa-sobre-nosotros-1-500x281.jpg 500w\" sizes=\"(max-width: 800px) 100vw, 800px\" \/>\t\t\t\t\t\t\t\t\t\t\t\t\t\t<\/div>\n\t\t\t\t\t\t<\/div>\n\t\t\t\t<\/div>\n\t\t\t\t<div class=\"elementor-element elementor-element-3e947f68 elementor-widget elementor-widget-text-editor\" data-id=\"3e947f68\" data-element_type=\"widget\" data-widget_type=\"text-editor.default\">\n\t\t\t\t<div class=\"elementor-widget-container\">\n\t\t\t\t\t\t\t\t<div class=\"elementor-text-editor elementor-clearfix\">\n\t\t\t\t<p style=\"text-align: justify;\"><img class=\"size-medium wp-image-2860 alignleft\" src=\"https:\/\/momaa.es\/wp-content\/uploads\/2020\/08\/ANDRES-IIr-300x225.jpg\" alt=\"\" width=\"300\" height=\"225\" srcset=\"https:\/\/momaa.es\/wp-content\/uploads\/2020\/08\/ANDRES-IIr-300x225.jpg 300w, https:\/\/momaa.es\/wp-content\/uploads\/2020\/08\/ANDRES-IIr-1024x768.jpg 1024w, https:\/\/momaa.es\/wp-content\/uploads\/2020\/08\/ANDRES-IIr-768x576.jpg 768w, https:\/\/momaa.es\/wp-content\/uploads\/2020\/08\/ANDRES-IIr-1536x1152.jpg 1536w, https:\/\/momaa.es\/wp-content\/uploads\/2020\/08\/ANDRES-IIr-2048x1536.jpg 2048w, https:\/\/momaa.es\/wp-content\/uploads\/2020\/08\/ANDRES-IIr-500x375.jpg 500w\" sizes=\"(max-width: 300px) 100vw, 300px\" \/><\/p><h2>Andr\u00e9s Moreno Mateo<\/h2><p style=\"text-align: left;\"><strong>Andr\u00e9s M. Mateo Fern\u00e1ndez -Founder-<\/strong>Registered architect n\u00ba 1688 in the Official College of Architects of Malaga and Building Engineer n\u00ba 2544 in the Official College of Quantity Surveyors of Malaga. He founded the company <strong>MoMaA<\/strong> in the year 2016 and at the same time, he has been collaborating with D. Felipe Record\u00f3n&#8217;s architecture studio since 2000, who has been his mentor and example to follow from the beginning. <strong>Andr\u00e9s M. Mateo<\/strong> defines architecture as the fusion of Art and Technology that tries to provide solutions to the interests and needs of today&#8217;s society.<\/p>\t\t\t\t\t<\/div>\n\t\t\t\t\t\t<\/div>\n\t\t\t\t<\/div>\n\t\t\t\t<div class=\"elementor-element elementor-element-ce430f6 elementor-widget elementor-widget-text-editor\" data-id=\"ce430f6\" data-element_type=\"widget\" data-widget_type=\"text-editor.default\">\n\t\t\t\t<div class=\"elementor-widget-container\">\n\t\t\t\t\t\t\t\t<div class=\"elementor-text-editor elementor-clearfix\">\n\t\t\t\t<p style=\"text-align: left;\"><span style=\"font-style: inherit;\"><img class=\"size-medium wp-image-2861 alignleft\" src=\"https:\/\/momaa.es\/wp-content\/uploads\/2020\/08\/ESTEFANIA-IIr-300x225.jpg\" alt=\"\" width=\"300\" height=\"225\" srcset=\"https:\/\/momaa.es\/wp-content\/uploads\/2020\/08\/ESTEFANIA-IIr-300x225.jpg 300w, https:\/\/momaa.es\/wp-content\/uploads\/2020\/08\/ESTEFANIA-IIr-1024x768.jpg 1024w, https:\/\/momaa.es\/wp-content\/uploads\/2020\/08\/ESTEFANIA-IIr-768x576.jpg 768w, https:\/\/momaa.es\/wp-content\/uploads\/2020\/08\/ESTEFANIA-IIr-1536x1152.jpg 1536w, https:\/\/momaa.es\/wp-content\/uploads\/2020\/08\/ESTEFANIA-IIr-2048x1536.jpg 2048w, https:\/\/momaa.es\/wp-content\/uploads\/2020\/08\/ESTEFANIA-IIr-500x375.jpg 500w\" sizes=\"(max-width: 300px) 100vw, 300px\" \/><\/span><\/p><h2 style=\"text-align: justify;\"><strong>Estefan\u00eda Moreno Gonz\u00e1lez<\/strong><\/h2><p style=\"text-align: justify;\"><strong>Estefan\u00eda Moreno Gonz\u00e1lez -Founder-<\/strong>Partner of the company <strong>MoMaA<\/strong> since 2016. Technical architect and building engineer at the Official College of Technical Architects of Malaga, member no. 2581, specialist in construction, urban planning and landscaping. Estefan\u00eda Moreno understands architecture and construction as a play of volumes and lights that interact with the landscape to create something beautiful and necessary for society.<\/p>\t\t\t\t\t<\/div>\n\t\t\t\t\t\t<\/div>\n\t\t\t\t<\/div>\n\t\t\t\t<div class=\"elementor-element elementor-element-5906a06 elementor-widget elementor-widget-text-editor\" data-id=\"5906a06\" data-element_type=\"widget\" data-widget_type=\"text-editor.default\">\n\t\t\t\t<div class=\"elementor-widget-container\">\n\t\t\t\t\t\t\t\t<div class=\"elementor-text-editor elementor-clearfix\">\n\t\t\t\t<p style=\"text-align: justify;\"><span style=\"font-style: inherit;\"><img class=\"size-medium wp-image-2841 alignleft\" src=\"https:\/\/momaa.es\/wp-content\/uploads\/2020\/08\/JOSE-300x225.jpg\" alt=\"\" width=\"300\" height=\"225\" srcset=\"https:\/\/momaa.es\/wp-content\/uploads\/2020\/08\/JOSE-300x225.jpg 300w, https:\/\/momaa.es\/wp-content\/uploads\/2020\/08\/JOSE-1024x768.jpg 1024w, https:\/\/momaa.es\/wp-content\/uploads\/2020\/08\/JOSE-768x576.jpg 768w, https:\/\/momaa.es\/wp-content\/uploads\/2020\/08\/JOSE-1536x1152.jpg 1536w, https:\/\/momaa.es\/wp-content\/uploads\/2020\/08\/JOSE-2048x1536.jpg 2048w, https:\/\/momaa.es\/wp-content\/uploads\/2020\/08\/JOSE-500x375.jpg 500w\" sizes=\"(max-width: 300px) 100vw, 300px\" \/><\/span><\/p><h2>Jose Moreno Gonz\u00e1lez<\/h2><p><strong>Jose Moreno Gonz\u00e1lez<\/strong> &#8211;<strong>Team-<\/strong> Architect, member number 1688 of the official College of Architects of Malaga. Jos\u00e9 Moreno is fundamental due to his wide experience, his commitment with well done things and his conception of design to materialize the visionary architecture of <strong>MoMaA<\/strong>.\u00a0<\/p>\t\t\t\t\t<\/div>\n\t\t\t\t\t\t<\/div>\n\t\t\t\t<\/div>\n\t\t\t\t<div class=\"elementor-element elementor-element-fc09ffa elementor-widget elementor-widget-text-editor\" data-id=\"fc09ffa\" data-element_type=\"widget\" data-widget_type=\"text-editor.default\">\n\t\t\t\t<div class=\"elementor-widget-container\">\n\t\t\t\t\t\t\t\t<div class=\"elementor-text-editor elementor-clearfix\">\n\t\t\t\t<p style=\"text-align: justify;\"><img class=\"size-medium wp-image-2854 alignleft\" src=\"https:\/\/momaa.es\/wp-content\/uploads\/2020\/08\/RODRI-300x225.jpg\" alt=\"\" width=\"300\" height=\"225\" srcset=\"https:\/\/momaa.es\/wp-content\/uploads\/2020\/08\/RODRI-300x225.jpg 300w, https:\/\/momaa.es\/wp-content\/uploads\/2020\/08\/RODRI-1024x768.jpg 1024w, https:\/\/momaa.es\/wp-content\/uploads\/2020\/08\/RODRI-768x576.jpg 768w, https:\/\/momaa.es\/wp-content\/uploads\/2020\/08\/RODRI-1536x1152.jpg 1536w, https:\/\/momaa.es\/wp-content\/uploads\/2020\/08\/RODRI-2048x1536.jpg 2048w, https:\/\/momaa.es\/wp-content\/uploads\/2020\/08\/RODRI-500x375.jpg 500w\" sizes=\"(max-width: 300px) 100vw, 300px\" \/><\/p><h2>Rodrigo Gonz\u00e1lez D\u00edaz-Caneja<\/h2><p class=\"MsoNormal\"><strong><span style=\"font-size: 10.5pt; line-height: 107%; font-family: Arial, sans-serif; padding: 0cm; background-image: initial; background-position: initial; background-size: initial; background-repeat: initial; background-attachment: initial; background-origin: initial; background-clip: initial; border: 1pt none windowtext;\">Rodrigo Gonz\u00e1lez D\u00edaz-Caneja<\/span><\/strong><span style=\"font-size: 10.5pt; line-height: 107%; font-family: Arial, sans-serif; background-image: initial; background-position: initial; background-size: initial; background-repeat: initial; background-attachment: initial; background-origin: initial; background-clip: initial;\">\u00a0&#8211;<strong><span style=\"padding: 0cm; border: 1pt none windowtext;\">Team-<\/span><\/strong> Architect. Rodrigo Gonz\u00e1lez is a young architect who graduated from the University of Navarre. His passion for travelling allows him to bring the wealth of his experience gained elsewhere to projects of different scales. He sees architecture as a combination of spaces in relation<\/span><\/p>\t\t\t\t\t<\/div>\n\t\t\t\t\t\t<\/div>\n\t\t\t\t<\/div>\n\t\t\t\t<div class=\"elementor-element elementor-element-b784529 elementor-widget elementor-widget-text-editor\" data-id=\"b784529\" data-element_type=\"widget\" data-widget_type=\"text-editor.default\">\n\t\t\t\t<div class=\"elementor-widget-container\">\n\t\t\t\t\t\t\t\t<div class=\"elementor-text-editor elementor-clearfix\">\n\t\t\t\t<h3 style=\"text-align: justify;\">COLLABORATING TEAM<\/h3><p style=\"text-align: justify;\">Patricia Lissen Town Planning Lawyer, Alfonso Mu\u00f1oz Lawyer, Carlos Llanos Lawyer, Ram\u00f3n Otalaurruchi Lawyer, Eduardo Espiga Lawyer, Felipe Recordon Architect, <strong>Rodrigo Gonz\u00e1lez<\/strong> Architect, <strong>Cristina Andrea Carrasco<\/strong> Architect, Joaquin Garcia Ortega Architect, Maricarmen P\u00e9rez Castellano Architect, Andr\u00e9s Dunner Architect, Manolo Herrera Architect, Alejandro Osorno Technical Architect, AMP Construcciones, Lozano Medina Constructions, Soljuben Constructions, Marcresun Constructions, Hermanos Palacios Constructions, Ruben Constructions, Denis de Rio Engineer Road, Alfonso Castellon Electrical Engineer and Decorator, Elia Oteo Engineer Road, Carlos de Cabo Industrial Engineer, Proinserman Facilities, Marbeclima Facilities, Tuinza Facilities, Bang Oluften Facilities, Domosat Facilities, Geosand Geotechnics, Nurseries Valley Landscape, etc.<\/p>\t\t\t\t\t<\/div>\n\t\t\t\t\t\t<\/div>\n\t\t\t\t<\/div>\n\t\t\t\t\t\t<\/div>\n\t\t\t\t\t<\/div>\n\t\t<\/div>\n\t\t\t\t\t\t\t\t<\/div>\n\t\t\t\t\t<\/div>\n\t\t<\/section>\n\t\t\t\t\t\t<\/div>\n\t\t\t\t\t\t<\/div>\n\t\t\t\t\t<\/div>\n\t\t ","protected":false},"excerpt":{"rendered":"<p>Meet MoMaA | Architecture studio Andr\u00e9s Moreno Mateo Andr\u00e9s M. Mateo Fern\u00e1ndez -Founder-Registered architect n\u00ba 1688 in the Official College of Architects of Malaga and Building Engineer n\u00ba 2544 in the Official College of Quantity Surveyors of Malaga. He founded the company MoMaA in the year 2016 and at the same time, he has been &#8230; <a title=\"About us\" class=\"read-more\" href=\"https:\/\/momaa.es\/en\/about-us\/\" aria-label=\"More on About us\">Read more<\/a><\/p>\n","protected":false},"author":1,"featured_media":0,"parent":0,"menu_order":0,"comment_status":"closed","ping_status":"open","template":"","meta":[],"yoast_head":"<!-- This site is optimized with the Yoast SEO plugin v17.4 - https:\/\/yoast.com\/wordpress\/plugins\/seo\/ -->\n<title>About us | MoMaA Architecture Studio Marbella<\/title>\n<meta name=\"description\" content=\"Meet MoMaA, your architectural studio in San Pedro Alcantara, Marbella. Discover the Moreno Mateo architects studio.\" \/>\n<meta name=\"robots\" content=\"index, follow, max-snippet:-1, max-image-preview:large, max-video-preview:-1\" \/>\n<link rel=\"canonical\" href=\"https:\/\/momaa.es\/en\/about-us\/\" \/>\n<meta property=\"og:locale\" content=\"en_US\" \/>\n<meta property=\"og:type\" content=\"article\" \/>\n<meta property=\"og:title\" content=\"About us | MoMaA Architecture Studio Marbella\" \/>\n<meta property=\"og:description\" content=\"Meet MoMaA, your architectural studio in San Pedro Alcantara, Marbella. Discover the Moreno Mateo architects studio.\" \/>\n<meta property=\"og:url\" content=\"https:\/\/momaa.es\/en\/about-us\/\" \/>\n<meta property=\"og:site_name\" content=\"Moreno Mateo Architects\" \/>\n<meta property=\"article:modified_time\" content=\"2020-09-02T07:49:16+00:00\" \/>\n<meta property=\"og:image\" content=\"https:\/\/momaa.es\/wp-content\/uploads\/2019\/11\/momaa-sobre-nosotros-1.jpg\" \/>\n<meta name=\"twitter:card\" content=\"summary_large_image\" \/>\n<meta name=\"twitter:label1\" content=\"Est. reading time\" \/>\n\t<meta name=\"twitter:data1\" content=\"2 minutes\" \/>\n<script type=\"application\/ld+json\" class=\"yoast-schema-graph\">{\"@context\":\"https:\/\/schema.org\",\"@graph\":[{\"@type\":\"WebSite\",\"@id\":\"https:\/\/momaa.es\/#website\",\"url\":\"https:\/\/momaa.es\/\",\"name\":\"Moreno Mateo Architects\",\"description\":\"Arquitectura | Urbanismo | Dise\\u00f1o\",\"potentialAction\":[{\"@type\":\"SearchAction\",\"target\":{\"@type\":\"EntryPoint\",\"urlTemplate\":\"https:\/\/momaa.es\/?s={search_term_string}\"},\"query-input\":\"required name=search_term_string\"}],\"inLanguage\":\"en-US\"},{\"@type\":\"ImageObject\",\"@id\":\"https:\/\/momaa.es\/en\/about-us\/#primaryimage\",\"inLanguage\":\"en-US\",\"url\":\"https:\/\/momaa.es\/wp-content\/uploads\/2019\/11\/momaa-sobre-nosotros-1.jpg\",\"contentUrl\":\"https:\/\/momaa.es\/wp-content\/uploads\/2019\/11\/momaa-sobre-nosotros-1.jpg\",\"width\":800,\"height\":450,\"caption\":\"MoMaA Dise\\u00f1o y Arquitectura - Sobre Nosotros\"},{\"@type\":\"WebPage\",\"@id\":\"https:\/\/momaa.es\/en\/about-us\/#webpage\",\"url\":\"https:\/\/momaa.es\/en\/about-us\/\",\"name\":\"About us | MoMaA Architecture Studio Marbella\",\"isPartOf\":{\"@id\":\"https:\/\/momaa.es\/#website\"},\"primaryImageOfPage\":{\"@id\":\"https:\/\/momaa.es\/en\/about-us\/#primaryimage\"},\"datePublished\":\"2014-02-17T10:41:22+00:00\",\"dateModified\":\"2020-09-02T07:49:16+00:00\",\"description\":\"Meet MoMaA, your architectural studio in San Pedro Alcantara, Marbella. Discover the Moreno Mateo architects studio.\",\"breadcrumb\":{\"@id\":\"https:\/\/momaa.es\/en\/about-us\/#breadcrumb\"},\"inLanguage\":\"en-US\",\"potentialAction\":[{\"@type\":\"ReadAction\",\"target\":[\"https:\/\/momaa.es\/en\/about-us\/\"]}]},{\"@type\":\"BreadcrumbList\",\"@id\":\"https:\/\/momaa.es\/en\/about-us\/#breadcrumb\",\"itemListElement\":[{\"@type\":\"ListItem\",\"position\":1,\"name\":\"Portada\",\"item\":\"https:\/\/momaa.es\/en\/\"},{\"@type\":\"ListItem\",\"position\":2,\"name\":\"About us\"}]}]}<\/script>\n<!-- \/ Yoast SEO plugin. -->","yoast_head_json":{"title":"About us | MoMaA Architecture Studio Marbella","description":"Meet MoMaA, your architectural studio in San Pedro Alcantara, Marbella. Discover the Moreno Mateo architects studio.","robots":{"index":"index","follow":"follow","max-snippet":"max-snippet:-1","max-image-preview":"max-image-preview:large","max-video-preview":"max-video-preview:-1"},"canonical":"https:\/\/momaa.es\/en\/about-us\/","og_locale":"en_US","og_type":"article","og_title":"About us | MoMaA Architecture Studio Marbella","og_description":"Meet MoMaA, your architectural studio in San Pedro Alcantara, Marbella. Discover the Moreno Mateo architects studio.","og_url":"https:\/\/momaa.es\/en\/about-us\/","og_site_name":"Moreno Mateo Architects","article_modified_time":"2020-09-02T07:49:16+00:00","og_image":[{"url":"https:\/\/momaa.es\/wp-content\/uploads\/2019\/11\/momaa-sobre-nosotros-1.jpg"}],"twitter_card":"summary_large_image","twitter_misc":{"Est. reading time":"2 minutes"},"schema":{"@context":"https:\/\/schema.org","@graph":[{"@type":"WebSite","@id":"https:\/\/momaa.es\/#website","url":"https:\/\/momaa.es\/","name":"Moreno Mateo Architects","description":"Arquitectura | Urbanismo | Dise\u00f1o","potentialAction":[{"@type":"SearchAction","target":{"@type":"EntryPoint","urlTemplate":"https:\/\/momaa.es\/?s={search_term_string}"},"query-input":"required name=search_term_string"}],"inLanguage":"en-US"},{"@type":"ImageObject","@id":"https:\/\/momaa.es\/en\/about-us\/#primaryimage","inLanguage":"en-US","url":"https:\/\/momaa.es\/wp-content\/uploads\/2019\/11\/momaa-sobre-nosotros-1.jpg","contentUrl":"https:\/\/momaa.es\/wp-content\/uploads\/2019\/11\/momaa-sobre-nosotros-1.jpg","width":800,"height":450,"caption":"MoMaA Dise\u00f1o y Arquitectura - Sobre Nosotros"},{"@type":"WebPage","@id":"https:\/\/momaa.es\/en\/about-us\/#webpage","url":"https:\/\/momaa.es\/en\/about-us\/","name":"About us | MoMaA Architecture Studio Marbella","isPartOf":{"@id":"https:\/\/momaa.es\/#website"},"primaryImageOfPage":{"@id":"https:\/\/momaa.es\/en\/about-us\/#primaryimage"},"datePublished":"2014-02-17T10:41:22+00:00","dateModified":"2020-09-02T07:49:16+00:00","description":"Meet MoMaA, your architectural studio in San Pedro Alcantara, Marbella. Discover the Moreno Mateo architects studio.","breadcrumb":{"@id":"https:\/\/momaa.es\/en\/about-us\/#breadcrumb"},"inLanguage":"en-US","potentialAction":[{"@type":"ReadAction","target":["https:\/\/momaa.es\/en\/about-us\/"]}]},{"@type":"BreadcrumbList","@id":"https:\/\/momaa.es\/en\/about-us\/#breadcrumb","itemListElement":[{"@type":"ListItem","position":1,"name":"Portada","item":"https:\/\/momaa.es\/en\/"},{"@type":"ListItem","position":2,"name":"About us"}]}]}},"_links":{"self":[{"href":"https:\/\/momaa.es\/en\/wp-json\/wp\/v2\/pages\/176"}],"collection":[{"href":"https:\/\/momaa.es\/en\/wp-json\/wp\/v2\/pages"}],"about":[{"href":"https:\/\/momaa.es\/en\/wp-json\/wp\/v2\/types\/page"}],"author":[{"embeddable":true,"href":"https:\/\/momaa.es\/en\/wp-json\/wp\/v2\/users\/1"}],"replies":[{"embeddable":true,"href":"https:\/\/momaa.es\/en\/wp-json\/wp\/v2\/comments?post=176"}],"version-history":[{"count":8,"href":"https:\/\/momaa.es\/en\/wp-json\/wp\/v2\/pages\/176\/revisions"}],"predecessor-version":[{"id":2971,"href":"https:\/\/momaa.es\/en\/wp-json\/wp\/v2\/pages\/176\/revisions\/2971"}],"wp:attachment":[{"href":"https:\/\/momaa.es\/en\/wp-json\/wp\/v2\/media?parent=176"}],"curies":[{"name":"wp","href":"https:\/\/api.w.org\/{rel}","templated":true}]}}